{"id":15,"date":"2020-06-05T09:12:54","date_gmt":"2020-06-05T09:12:54","guid":{"rendered":"https:\/\/demo.casethemes.net\/bixol\/?page_id=15"},"modified":"2024-07-25T15:26:16","modified_gmt":"2024-07-25T18:26:16","slug":"about-us","status":"publish","type":"page","link":"https:\/\/filtrosavallas.com.br\/?page_id=15","title":{"rendered":"Quem Somos"},"content":{"rendered":"\t\t<div data-elementor-type=\"wp-page\" data-elementor-id=\"15\" class=\"elementor elementor-15\" data-elementor-post-type=\"page\">\n\t\t\t\t        <section class=\"elementor-section elementor-top-section elementor-element elementor-element-7f41d081 elementor-section-boxed elementor-section-height-default elementor-section-height-default ct-header-fixed-none\" data-id=\"7f41d081\" data-element_type=\"section\" data-e-type=\"section\">\n                            <div class=\"elementor-background-overlay\"><\/div>\n                \n                        <div class=\"elementor-container elementor-column-gap-extended \">\n                    <div class=\"elementor-column elementor-col-50 elementor-top-column elementor-element elementor-element-93b8d37\" data-id=\"93b8d37\" data-element_type=\"column\" data-e-type=\"column\">\n        <div class=\"elementor-widget-wrap elementor-element-populated\">\n                    \n        \t\t<div class=\"elementor-element elementor-element-53d3f4b9 elementor-widget elementor-widget-ct_banner\" data-id=\"53d3f4b9\" data-element_type=\"widget\" data-e-type=\"widget\" data-widget_type=\"ct_banner.default\">\n\t\t\t\t<div class=\"elementor-widget-container\">\n\t\t\t\t\t\t<div class=\"ct-banner1 wow fadeInLeft  style3\">\r\n\t\t<div class=\"ct-banner-inner \">\r\n\t\t\t<img fetchpriority=\"high\" decoding=\"async\" class=\"ct-banner-image1 \" src=\"https:\/\/filtrosavallas.com.br\/wp-content\/uploads\/2024\/07\/WhatsApp-Image-2024-07-16-at-18.29.48-480x400.jpeg\" width=\"480\" height=\"400\" alt=\"WhatsApp Image 2024-07-16 at 18.29.48\" title=\"WhatsApp Image 2024-07-16 at 18.29.48\" \/>\t\t\t\t\t\t<div class=\"ct-banner-holder\">\r\n\t\t\t\t\t\t\t\t<div class=\"ct-banner-meta\">\r\n\t\t\t\t\t\t\t\t\t\t\t<div class=\"ct-banner-number\">H\u00e1 15<\/div>\r\n\t\t\t\t\t\t\t\t\t\t<h4 class=\"ct-banner-title\"> Anos no Mercado<\/h4>\r\n\t\t\t\t<\/div>\r\n\t\t\t\t\t\t\t<\/div>\r\n\t\t<\/div>\r\n\t<\/div>\r\n\t\t\t\t<\/div>\n\t\t\t\t<\/div>\n\t\t<div class=\"elementor-element elementor-element-06791b0 e-flex e-con-boxed e-con e-parent\" data-id=\"06791b0\" data-element_type=\"container\" data-e-type=\"container\">\n\t\t\t\t\t<div class=\"e-con-inner\">\n\t\t\t\t<div class=\"elementor-element elementor-element-b8b307b elementor-widget elementor-widget-ct_history_carousel\" data-id=\"b8b307b\" data-element_type=\"widget\" data-e-type=\"widget\" data-widget_type=\"ct_history_carousel.default\">\n\t\t\t\t<div class=\"elementor-widget-container\">\n\t\t\t\t\t    <div class=\"ct-history ct-history-carousel1 ct-slick-slider\">\r\n        <div class=\"ct-carousel-inner\">\r\n\r\n            <div class=\"ct-slick-nav\" data-nav=\"4\" data-dir=\"false\">\r\n                                    <div class=\"slick-slide\">\r\n                        <div class=\"item--meta\">\r\n                            <div class=\"item--year\"><\/div>\r\n                       <\/div>\r\n                    <\/div>\r\n                            <\/div>\r\n\r\n            <div class=\"ct-slick-primary\">\r\n                <div class=\"ct-slick-carousel\">\r\n                                            <div class=\"slick-slide\">\r\n                            <div class=\"item--holder\">\r\n                                <h3 class=\"item--title\">    \r\n                                    Filosofia de Trabalho                                <\/h3>\r\n                                <div class=\"item--description\">As principais filosofias de trabalho da Comercial Savallas s\u00e3o:\n- Melhores pre\u00e7os\n- Rapidez na entrega\n- Inova\u00e7\u00e3o tecnol\u00f3gica\n- Alta produtividade\n- Melhor atendimento ao cliente\n- Solu\u00e7\u00f5es criativas e econ\u00f4micas para problemas de contamina\u00e7\u00e3o.\n\n\n\tOs produtos fornecidos pela FILTRO SAVALLAS, s\u00e3o desenvolvidos para as mais diversas aplica\u00e7\u00f5es. Hoje diferenciais que promovem ganhos de produtividade, confiabilidade e maior qualidade em seus produtos e processos. \nDestacamos os alguns segmentos:  Instala\u00e7\u00f5es nas Cabines de Pintura automotiva, Hospitais e Laborat\u00f3rios.<\/div>\r\n                           <\/div>\r\n                        <\/div>\r\n                                    <\/div>\r\n            <\/div>\r\n            \r\n        <\/div>\r\n    <\/div>\r\n\t\t\t\t<\/div>\n\t\t\t\t<\/div>\n\t\t\t\t\t<\/div>\n\t\t\t\t<\/div>\n\t\t            <\/div>\n        <\/div>\n                <div class=\"elementor-column elementor-col-50 elementor-top-column elementor-element elementor-element-65c88901\" data-id=\"65c88901\" data-element_type=\"column\" data-e-type=\"column\">\n        <div class=\"elementor-widget-wrap elementor-element-populated\">\n                    \n        \t\t<div class=\"elementor-element elementor-element-79a384d6 elementor-widget elementor-widget-ct_heading\" data-id=\"79a384d6\" data-element_type=\"widget\" data-e-type=\"widget\" data-widget_type=\"ct_heading.default\">\n\t\t\t\t<div class=\"elementor-widget-container\">\n\t\t\t\t\t<div id=\"ct_heading-79a384d6\" class=\"ct-heading h-align- ct-heading-left item-st-default\">\r\n\t<div class=\"ct-heading--inner\">\r\n        <div class=\"ct-inline-css\"  data-css=\"\r\n            \">\r\n        <\/div>\r\n            \t\t<div class=\"item--sub-title st-default \" data-wow-delay=\"ms\">\r\n                <div class=\"item--sub-title-inner\">\r\n                                            <div class=\"icon-sub-title\">\r\n                            <svg version=\"1.0\" xmlns=\"http:\/\/www.w3.org\/2000\/svg\" viewBox=\"0 0 382.000000 382.000000\" preserveAspectRatio=\"xMidYMid meet\">\r\n                                <defs>\r\n                                    <linearGradient id=\"sub-icon1\" x1=\"0%\" y1=\"0%\" x2=\"0%\" y2=\"100%\">\r\n                                          <stop offset=\"0%\" style=\"stop-color:#993203;stop-opacity:1\" \/>\r\n                                          <stop offset=\"100%\" style=\"stop-color:#ed7e00;stop-opacity:1\" \/>\r\n                                    <\/linearGradient>\r\n                                  <\/defs>\r\n                                <g fill=\"url(#sub-icon1)\" transform=\"translate(0.000000,382.000000) scale(0.100000,-0.100000)\" fill=\"#000000\" stroke=\"none\"><path d=\"M1856 3797 c-20 -20 -23 -36 -29 -142 -50 -901 -761 -1612 -1662 -1662 -106 -6 -122 -9 -142 -29 -30 -30 -30 -78 0 -108 20 -20 36 -23 142 -29 901 -50 1612 -761 1662 -1662 6 -106 9 -122 29 -142 30 -30 78 -30 108 0 20 20 23 36 29 142 50 901 761 1612 1662 1662 106 6 122 9 142 29 30 30 30 78 0 108 -20 20 -36 23 -142 29 -901 50 -1612 761 -1662 1662 -6 106 -9 122 -29 142 -14 14 -35 23 -54 23 -19 0 -40 -9 -54 -23z\"\/><\/g>\r\n                            <\/svg>\r\n                            <svg version=\"1.0\" xmlns=\"http:\/\/www.w3.org\/2000\/svg\" viewBox=\"0 0 382.000000 382.000000\" preserveAspectRatio=\"xMidYMid meet\">\r\n                                <defs>\r\n                                    <linearGradient id=\"sub-icon2\" x1=\"0%\" y1=\"0%\" x2=\"0%\" y2=\"100%\">\r\n                                          <stop offset=\"0%\" style=\"stop-color:#993203;stop-opacity:1\" \/>\r\n                                          <stop offset=\"100%\" style=\"stop-color:#ed7e00;stop-opacity:1\" \/>\r\n                                    <\/linearGradient>\r\n                                  <\/defs>\r\n                                <g fill=\"url(#sub-icon2)\" transform=\"translate(0.000000,382.000000) scale(0.100000,-0.100000)\" fill=\"#000000\" stroke=\"none\"><path d=\"M1856 3797 c-20 -20 -23 -36 -29 -142 -50 -901 -761 -1612 -1662 -1662 -106 -6 -122 -9 -142 -29 -30 -30 -30 -78 0 -108 20 -20 36 -23 142 -29 901 -50 1612 -761 1662 -1662 6 -106 9 -122 29 -142 30 -30 78 -30 108 0 20 20 23 36 29 142 50 901 761 1612 1662 1662 106 6 122 9 142 29 30 30 30 78 0 108 -20 20 -36 23 -142 29 -901 50 -1612 761 -1662 1662 -6 106 -9 122 -29 142 -14 14 -35 23 -54 23 -19 0 -40 -9 -54 -23z\"\/><\/g>\r\n                            <\/svg>\r\n                            <svg version=\"1.0\" xmlns=\"http:\/\/www.w3.org\/2000\/svg\" viewBox=\"0 0 382.000000 382.000000\" preserveAspectRatio=\"xMidYMid meet\">\r\n                                <defs>\r\n                                    <linearGradient id=\"sub-icon3\" x1=\"0%\" y1=\"0%\" x2=\"0%\" y2=\"100%\">\r\n                                          <stop offset=\"0%\" style=\"stop-color:#993203;stop-opacity:1\" \/>\r\n                                          <stop offset=\"100%\" style=\"stop-color:#ed7e00;stop-opacity:1\" \/>\r\n                                    <\/linearGradient>\r\n                                  <\/defs>\r\n                                <g fill=\"url(#sub-icon3)\" transform=\"translate(0.000000,382.000000) scale(0.100000,-0.100000)\" fill=\"#000000\" stroke=\"none\"><path d=\"M1856 3797 c-20 -20 -23 -36 -29 -142 -50 -901 -761 -1612 -1662 -1662 -106 -6 -122 -9 -142 -29 -30 -30 -30 -78 0 -108 20 -20 36 -23 142 -29 901 -50 1612 -761 1662 -1662 6 -106 9 -122 29 -142 30 -30 78 -30 108 0 20 20 23 36 29 142 50 901 761 1612 1662 1662 106 6 122 9 142 29 30 30 30 78 0 108 -20 20 -36 23 -142 29 -901 50 -1612 761 -1662 1662 -6 106 -9 122 -29 142 -14 14 -35 23 -54 23 -19 0 -40 -9 -54 -23z\"\/><\/g>\r\n                            <\/svg>\r\n                        <\/div>\r\n                                        FILTRO SAVALLAS                <\/div>\r\n            <\/div>\r\n    \t        <h5 class=\"item--title  st-default \" data-wow-delay=\"ms\">\r\n            <span class=\"ct-text-inner\">COMERCIAL SAVALLAS LTDA <small>     \n Os Melhores Pre\u00e7os<\/small><\/span>        <\/h5>\r\n    <\/div>\r\n<\/div>\t\t\t\t<\/div>\n\t\t\t\t<\/div>\n\t\t\t\t<div class=\"elementor-element elementor-element-264d30c3 elementor-widget elementor-widget-ct_text_editor\" data-id=\"264d30c3\" data-element_type=\"widget\" data-e-type=\"widget\" data-widget_type=\"ct_text_editor.default\">\n\t\t\t\t<div class=\"elementor-widget-container\">\n\t\t\t\t\t<div id=\"ct_text_editor-264d30c3\" class=\"ct-text-editor \" data-wow-delay=\"ms\">\n\t<div class=\"ct-item--inner\">\n\t\t<div class=\"ct-inline-css\"  data-css=\"\n\t        \t\t\t\">\n\n\t    <\/div>\n\t\t<div class=\"ct-text-editor elementor-clearfix\">\n\t\t\t<p>A <strong>FILTRO SAVALLAS<\/strong> &#8211; \u00a0E uma empresa brasileira com atua\u00e7\u00e3o no mercado h\u00e1 15 anos, especializada no desenvolvimento de sistemas de filtra\u00e7\u00e3o e nacionaliza\u00e7\u00e3o de filtros industriais e especiais para cabines de pintura.<\/p>\t\t\n\t\t<\/div>\n\t<\/div>\n<\/div>\t\t\t\t<\/div>\n\t\t\t\t<\/div>\n\t\t\t\t<div class=\"elementor-element elementor-element-60428719 elementor-widget-divider--view-line elementor-widget elementor-widget-divider\" data-id=\"60428719\" data-element_type=\"widget\" data-e-type=\"widget\" data-widget_type=\"divider.default\">\n\t\t\t\t<div class=\"elementor-widget-container\">\n\t\t\t\t\t\t\t<div class=\"elementor-divider\">\n\t\t\t<span class=\"elementor-divider-separator\">\n\t\t\t\t\t\t<\/span>\n\t\t<\/div>\n\t\t\t\t\t\t<\/div>\n\t\t\t\t<\/div>\n\t\t\t\t<div class=\"elementor-element elementor-element-78a51bd1 elementor-widget elementor-widget-ct_video_player\" data-id=\"78a51bd1\" data-element_type=\"widget\" data-e-type=\"widget\" data-widget_type=\"ct_video_player.default\">\n\t\t\t\t<div class=\"elementor-widget-container\">\n\t\t\t\t\t<div class=\"ct-video-player btn-video-style1 meta-active \" data-wow-delay=\"ms\">\r\n    <div class=\"ct-video-box\">\r\n        <div class=\"ct-video-holder\">\r\n                            <img decoding=\"async\" src=\"https:\/\/filtrosavallas.com.br\/wp-content\/uploads\/2024\/07\/comercial-Savallas-1.png\" title=\"comercial Savallas (1)\" alt=\"comercial Savallas (1)\" loading=\"lazy\" \/>                    <\/div>\r\n                    <a class=\"ct-video-button img-active style1\" href=\"https:\/\/youtu.be\/Pw4OS7LCYWM\">\r\n                <i class=\"fac fac-play\"><\/i>\r\n            <\/a>\r\n            <\/div>\r\n            <div class=\"ct-video-meta\">\r\n                            <h4>Nossa Miss\u00e3o!<\/h4>\r\n                        <p>Ser uma empresa brasileira equipada para oferecer aos usu\u00e1rios de filtros industriais as alternativas para a filtragem de ar, aos mais exigentes, com a melhor qualidade.<\/p>\r\n            <a  class=\"btn\"><\/a>\r\n        <\/div>\r\n    <\/div>\t\t\t\t<\/div>\n\t\t\t\t<\/div>\n\t\t\t\t<div class=\"elementor-element elementor-element-f29032e elementor-widget elementor-widget-ct_video_player\" data-id=\"f29032e\" data-element_type=\"widget\" data-e-type=\"widget\" data-widget_type=\"ct_video_player.default\">\n\t\t\t\t<div class=\"elementor-widget-container\">\n\t\t\t\t\t<div class=\"ct-video-player btn-video-style4  wow fadeInDown\" data-wow-delay=\"ms\">\r\n    <div class=\"ct-video-box\">\r\n        <div class=\"ct-video-holder\">\r\n                            <img decoding=\"async\" src=\"https:\/\/filtrosavallas.com.br\/wp-content\/uploads\/2024\/07\/savsa.jpg\" title=\"savsa\" alt=\"savsa\" loading=\"lazy\" \/>                    <\/div>\r\n                    <a class=\"ct-video-button img-active style4\" href=\"https:\/\/www.youtube.com\/watch?v=Pw4OS7LCYWM\">\r\n                <i class=\"fac fac-play\"><\/i>\r\n            <\/a>\r\n            <\/div>\r\n    <\/div>\t\t\t\t<\/div>\n\t\t\t\t<\/div>\n\t\t            <\/div>\n        <\/div>\n                    <\/div>\n        <\/section>\n        \t\t<\/div>\n\t\t","protected":false},"excerpt":{"rendered":"<p>H\u00e1 15 Anos no Mercado Filosofia de Trabalho As principais filosofias de trabalho da Comercial Savallas s\u00e3o: &#8211; Melhores pre\u00e7os &#8211; Rapidez na entrega &#8211; Inova\u00e7\u00e3o tecnol\u00f3gica &#8211; Alta produtividade &#8211; Melhor atendimento ao cliente &#8211; Solu\u00e7\u00f5es criativas e econ\u00f4micas para problemas de contamina\u00e7\u00e3o. Os produtos fornecidos pela FILTRO SAVALLAS, s\u00e3o desenvolvidos para as mais [&hellip;]<\/p>\n","protected":false},"author":1,"featured_media":0,"parent":0,"menu_order":0,"comment_status":"closed","ping_status":"closed","template":"","meta":{"footnotes":""},"class_list":["post-15","page","type-page","status-publish","hentry"],"_links":{"self":[{"href":"https:\/\/filtrosavallas.com.br\/index.php?rest_route=\/wp\/v2\/pages\/15","targetHints":{"allow":["GET"]}}],"collection":[{"href":"https:\/\/filtrosavallas.com.br\/index.php?rest_route=\/wp\/v2\/pages"}],"about":[{"href":"https:\/\/filtrosavallas.com.br\/index.php?rest_route=\/wp\/v2\/types\/page"}],"author":[{"embeddable":true,"href":"https:\/\/filtrosavallas.com.br\/index.php?rest_route=\/wp\/v2\/users\/1"}],"replies":[{"embeddable":true,"href":"https:\/\/filtrosavallas.com.br\/index.php?rest_route=%2Fwp%2Fv2%2Fcomments&post=15"}],"version-history":[{"count":35,"href":"https:\/\/filtrosavallas.com.br\/index.php?rest_route=\/wp\/v2\/pages\/15\/revisions"}],"predecessor-version":[{"id":7144,"href":"https:\/\/filtrosavallas.com.br\/index.php?rest_route=\/wp\/v2\/pages\/15\/revisions\/7144"}],"wp:attachment":[{"href":"https:\/\/filtrosavallas.com.br\/index.php?rest_route=%2Fwp%2Fv2%2Fmedia&parent=15"}],"curies":[{"name":"wp","href":"https:\/\/api.w.org\/{rel}","templated":true}]}}